{"id":57,"date":"2021-08-06T15:34:48","date_gmt":"2021-08-06T18:34:48","guid":{"rendered":"http:\/\/indalac.com.ar\/i\/?page_id=57"},"modified":"2021-08-23T21:11:48","modified_gmt":"2021-08-24T00:11:48","slug":"inicio","status":"publish","type":"page","link":"http:\/\/indalac.com.ar\/i\/","title":{"rendered":"Indalac Argentina S.A."},"content":{"rendered":"\t\t<div data-elementor-type=\"wp-page\" data-elementor-id=\"57\" class=\"elementor elementor-57\">\n\t\t\t\t\t\t<section class=\"elementor-section elementor-top-section elementor-element elementor-element-cb6115a elementor-section-full_width elementor-section-height-min-height elementor-section-height-default elementor-section-items-middle\" data-id=\"cb6115a\" data-element_type=\"section\" data-settings=\"{&quot;background_background&quot;:&quot;classic&quot;}\">\n\t\t\t\t\t\t<div class=\"elementor-container elementor-column-gap-default\">\n\t\t\t\t\t<div class=\"elementor-column elementor-col-50 elementor-top-column elementor-element elementor-element-b4f5b3e elementor-hidden-tablet elementor-hidden-phone\" data-id=\"b4f5b3e\" data-element_type=\"column\">\n\t\t\t<div class=\"elementor-widget-wrap\">\n\t\t\t\t\t\t\t<\/div>\n\t\t<\/div>\n\t\t\t\t<div class=\"elementor-column elementor-col-50 elementor-top-column elementor-element elementor-element-5b173cd\" data-id=\"5b173cd\" data-element_type=\"column\">\n\t\t\t<div class=\"elementor-widget-wrap elementor-element-populated\">\n\t\t\t\t\t\t<div class=\"elementor-element elementor-element-881040b elementor-widget elementor-widget-heading\" data-id=\"881040b\" data-element_type=\"widget\" data-widget_type=\"heading.default\">\n\t\t\t\t<div class=\"elementor-widget-container\">\n\t\t\t\t\t<h5 class=\"elementor-heading-title elementor-size-default\">Qu\u00edmica al servicio del agro\ny la industria.<\/h5>\t\t\t\t<\/div>\n\t\t\t\t<\/div>\n\t\t\t\t<div class=\"elementor-element elementor-element-d71a318 elementor-mobile-align-center elementor-widget elementor-widget-button\" data-id=\"d71a318\" data-element_type=\"widget\" data-widget_type=\"button.default\">\n\t\t\t\t<div class=\"elementor-widget-container\">\n\t\t\t\t\t\t\t\t\t<div class=\"elementor-button-wrapper\">\n\t\t\t\t\t<a class=\"elementor-button elementor-button-link elementor-size-md\" href=\"http:\/\/indalac.com.ar\/i\/#conocemas\" conocemas=\"\">\n\t\t\t\t\t\t<span class=\"elementor-button-content-wrapper\">\n\t\t\t\t\t\t\t\t\t<span class=\"elementor-button-text\">Conoce m\u00e1s<\/span>\n\t\t\t\t\t<\/span>\n\t\t\t\t\t<\/a>\n\t\t\t\t<\/div>\n\t\t\t\t\t\t\t\t<\/div>\n\t\t\t\t<\/div>\n\t\t\t\t\t<\/div>\n\t\t<\/div>\n\t\t\t\t\t<\/div>\n\t\t<\/section>\n\t\t\t\t<section class=\"elementor-section elementor-top-section elementor-element elementor-element-e755eea elementor-section-boxed elementor-section-height-default elementor-section-height-default\" data-id=\"e755eea\" data-element_type=\"section\" id=\"conocemas\">\n\t\t\t\t\t\t<div class=\"elementor-container elementor-column-gap-default\">\n\t\t\t\t\t<div class=\"elementor-column elementor-col-25 elementor-top-column elementor-element elementor-element-ae0bf22 elementor-hidden-tablet elementor-hidden-phone\" data-id=\"ae0bf22\" data-element_type=\"column\">\n\t\t\t<div class=\"elementor-widget-wrap elementor-element-populated\">\n\t\t\t\t\t\t<div class=\"elementor-element elementor-element-4a082f9 elementor-widget elementor-widget-html\" data-id=\"4a082f9\" data-element_type=\"widget\" data-widget_type=\"html.default\">\n\t\t\t\t<div class=\"elementor-widget-container\">\n\t\t\t\t\t<div id=\"flag\">\r\n          \t\t<div id=\"left-flag\"><\/div>\r\n                <div id=\"center-flag\"><\/div>\r\n                <div id=\"right-flag\"><\/div>\r\n          <\/div>\t\t\t\t<\/div>\n\t\t\t\t<\/div>\n\t\t\t\t\t<\/div>\n\t\t<\/div>\n\t\t\t\t<div class=\"elementor-column elementor-col-25 elementor-top-column elementor-element elementor-element-4c43513\" data-id=\"4c43513\" data-element_type=\"column\">\n\t\t\t<div class=\"elementor-widget-wrap elementor-element-populated\">\n\t\t\t\t\t\t<div class=\"elementor-element elementor-element-7022d50 elementor-widget elementor-widget-heading\" data-id=\"7022d50\" data-element_type=\"widget\" data-widget_type=\"heading.default\">\n\t\t\t\t<div class=\"elementor-widget-container\">\n\t\t\t\t\t<h1 class=\"elementor-heading-title elementor-size-default\">Somos una industria argentina.\n         <\/h1>\t\t\t\t<\/div>\n\t\t\t\t<\/div>\n\t\t\t\t\t<\/div>\n\t\t<\/div>\n\t\t\t\t<div class=\"elementor-column elementor-col-25 elementor-top-column elementor-element elementor-element-ce55836\" data-id=\"ce55836\" data-element_type=\"column\">\n\t\t\t<div class=\"elementor-widget-wrap elementor-element-populated\">\n\t\t\t\t\t\t<div class=\"elementor-element elementor-element-9901f68 elementor-widget elementor-widget-text-editor\" data-id=\"9901f68\" data-element_type=\"widget\" data-widget_type=\"text-editor.default\">\n\t\t\t\t<div class=\"elementor-widget-container\">\n\t\t\t\t\t\t\t\t\t<p><span style=\"color: #999999;\"><strong>Indalac Argentina S.A.<\/strong>\u00a0nace en 1989 en la b\u00fasqueda de soluciones profesionales y tecnificadas para el campo aplicando los \u00faltimos adelantos tecnol\u00f3gicos en sus sistemas de fabricaci\u00f3n y realizando una investigaci\u00f3n contin\u00faa en sus laboratorios de desarrollo de productos. Somos una empresa que re\u00fane todos nuestros esfuerzos en garantizar la constancia y calidad de nuestros productos, empleando materias primas originales y controladas rigurosamente al arribar a nuestra planta para certificar nuestra GARANT\u00cdA EN LA CALIDAD del producto final.<\/span><\/p><p><span style=\"color: #999999;\">Actualmente cuenta con una amplia gama de productos formulados, aprobados por\u00a0<i>SENASA<\/i>, orientados a la satisfacci\u00f3n de grandes, medianos y peque\u00f1os productores agropecuarios, establecimientos l\u00e1cteos, cervecer\u00edas, frigor\u00edficos y la industria alimenticia en general.<\/span><\/p><p><span style=\"color: #999999;\">En Indalac Argentina SA contamos con un DEPARTAMENTO T\u00c9CNICO-ASESOR que est\u00e1 permanentemente a disposici\u00f3n del usuario para evacuar todo tipo de dudas e inquietudes respecto al uso de nuestros formulados, como as\u00ed tambi\u00e9n brindar el asesoramiento necesario respecto a cual es el producto m\u00e1s eficaz a aplicar en funci\u00f3n de sus necesidades.<\/span><\/p>\t\t\t\t\t\t\t\t<\/div>\n\t\t\t\t<\/div>\n\t\t\t\t\t<\/div>\n\t\t<\/div>\n\t\t\t\t<div class=\"elementor-column elementor-col-25 elementor-top-column elementor-element elementor-element-61e2a7a\" data-id=\"61e2a7a\" data-element_type=\"column\">\n\t\t\t<div class=\"elementor-widget-wrap elementor-element-populated\">\n\t\t\t\t\t\t<div class=\"elementor-element elementor-element-7e974b6 elementor-widget elementor-widget-heading\" data-id=\"7e974b6\" data-element_type=\"widget\" data-widget_type=\"heading.default\">\n\t\t\t\t<div class=\"elementor-widget-container\">\n\t\t\t\t\t<h6 class=\"elementor-heading-title elementor-size-default\">ASESORAMIENTO T\u00c9CNICO<\/h6>\t\t\t\t<\/div>\n\t\t\t\t<\/div>\n\t\t\t\t<div class=\"elementor-element elementor-element-5caa1db elementor-widget elementor-widget-text-editor\" data-id=\"5caa1db\" data-element_type=\"widget\" data-widget_type=\"text-editor.default\">\n\t\t\t\t<div class=\"elementor-widget-container\">\n\t\t\t\t\t\t\t\t\t<p style=\"margin-right: 0px; margin-bottom: 10px; margin-left: 0px; font-size: 12px; line-height: 19px; color: #6c7279; letter-spacing: 1px; font-family: 'Encode Sans', sans-serif;\">Nuestra filosof\u00eda considera el asesoramiento como una de las herramientas principales en la relaci\u00f3n con nuestros clientes.<\/p><p style=\"margin-right: 0px; margin-bottom: 10px; margin-left: 0px; font-size: 12px; line-height: 19px; color: #6c7279; letter-spacing: 1px; font-family: 'Encode Sans', sans-serif;\">En cualquiera de las etapas de comercializaci\u00f3n, ya sea en la fase anterior a la compra como en la post-venta, nuestros clientes pueden contactarse en forma directa con quienes desarrollan los productos\u00a0<span style=\"font-weight: bold;\">Indalac<\/span>\u00a0para conocer m\u00e1s acerca de sus usos y aplicaciones.<\/p>\t\t\t\t\t\t\t\t<\/div>\n\t\t\t\t<\/div>\n\t\t\t\t\t<\/div>\n\t\t<\/div>\n\t\t\t\t\t<\/div>\n\t\t<\/section>\n\t\t\t\t<\/div>\n\t\t","protected":false},"excerpt":{"rendered":"<p>Qu\u00edmica al servicio del agro y la industria. Conoce m\u00e1s Somos una industria argentina. Indalac Argentina S.A.\u00a0nace en 1989 en la b\u00fasqueda de soluciones profesionales y tecnificadas para el campo aplicando los \u00faltimos adelantos tecnol\u00f3gicos en sus sistemas de fabricaci\u00f3n y realizando una investigaci\u00f3n contin\u00faa en sus laboratorios de desarrollo de productos. Somos una empresa [&hellip;]<\/p>\n","protected":false},"author":1,"featured_media":0,"parent":0,"menu_order":0,"comment_status":"closed","ping_status":"closed","template":"elementor_header_footer","meta":{"footnotes":""},"class_list":["post-57","page","type-page","status-publish","hentry"],"_links":{"self":[{"href":"http:\/\/indalac.com.ar\/i\/wp-json\/wp\/v2\/pages\/57","targetHints":{"allow":["GET"]}}],"collection":[{"href":"http:\/\/indalac.com.ar\/i\/wp-json\/wp\/v2\/pages"}],"about":[{"href":"http:\/\/indalac.com.ar\/i\/wp-json\/wp\/v2\/types\/page"}],"author":[{"embeddable":true,"href":"http:\/\/indalac.com.ar\/i\/wp-json\/wp\/v2\/users\/1"}],"replies":[{"embeddable":true,"href":"http:\/\/indalac.com.ar\/i\/wp-json\/wp\/v2\/comments?post=57"}],"version-history":[{"count":110,"href":"http:\/\/indalac.com.ar\/i\/wp-json\/wp\/v2\/pages\/57\/revisions"}],"predecessor-version":[{"id":722,"href":"http:\/\/indalac.com.ar\/i\/wp-json\/wp\/v2\/pages\/57\/revisions\/722"}],"wp:attachment":[{"href":"http:\/\/indalac.com.ar\/i\/wp-json\/wp\/v2\/media?parent=57"}],"curies":[{"name":"wp","href":"https:\/\/api.w.org\/{rel}","templated":true}]}}